{"id":260,"date":"2015-06-25T15:23:59","date_gmt":"2015-06-25T15:23:59","guid":{"rendered":"http:\/\/downtownottawasmiles.com\/?page_id=260"},"modified":"2015-09-29T19:01:43","modified_gmt":"2015-09-29T19:01:43","slug":"pratique-generale","status":"publish","type":"page","link":"https:\/\/downtownottawasmiles.com\/fr\/pratique-generale\/","title":{"rendered":"Pratique G\u00e9n\u00e9rale"},"content":{"rendered":"<div class=\"arve aligncenter\" data-mode=\"normal\" data-oembed=\"1\" data-provider=\"youtube\" id=\"arve-youtube-e_4uaktz8wy69d6a95b1cc98385181034\" style=\"max-width:800px;\">\n<span class=\"arve-inner\">\n<span class=\"arve-embed arve-embed--has-aspect-ratio\" style=\"aspect-ratio: 265 \/ 149\">\n<span class=\"arve-ar\" style=\"padding-top:56.226415%\"><\/span><iframe loading=\"lazy\" allow=\"accelerometer; autoplay; clipboard-write; encrypted-media; gyroscope; picture-in-picture\" allowfullscreen class=\"arve-iframe fitvidsignore\" data-arve=\"arve-youtube-e_4uaktz8wy69d6a95b1cc98385181034\" data-src-no-ap=\"https:\/\/www.youtube-nocookie.com\/embed\/E_4uAktZ8WY?feature=oembed&amp;iv_load_policy=3&amp;modestbranding=1&amp;rel=0&amp;autohide=1&amp;playsinline=0&amp;autoplay=0\" frameborder=\"0\" height=\"449.81132075472\" sandbox=\"allow-scripts allow-same-origin allow-presentation allow-popups allow-popups-to-escape-sandbox\" scrolling=\"no\" src=\"https:\/\/www.youtube-nocookie.com\/embed\/E_4uAktZ8WY?feature=oembed&#038;iv_load_policy=3&#038;modestbranding=1&#038;rel=0&#038;autohide=1&#038;playsinline=0&#038;autoplay=0\" width=\"800\"><\/iframe>\n\n<\/span>\n\n<\/span>\n<script type=\"application\/ld+json\">{\"@context\":\"http:\\\/\\\/schema.org\\\/\",\"@id\":\"https:\\\/\\\/downtownottawasmiles.com\\\/fr\\\/pratique-generale\\\/#arve-youtube-e_4uaktz8wy69d6a95b1cc98385181034\",\"type\":\"VideoObject\",\"embedURL\":\"https:\\\/\\\/www.youtube-nocookie.com\\\/embed\\\/E_4uAktZ8WY?feature=oembed&iv_load_policy=3&modestbranding=1&rel=0&autohide=1&playsinline=0&autoplay=0\"}<\/script>\n<\/div>\n\n<p>Bien que nous offrions divers services dentaires, y compris la pose de mini-implants, <a title=\"Appareils Orthodontiques Discrets\" href=\"http:\/\/downtownottawasmiles.com\/fr\/appareils-orthodontiques-discrets\/\">d\u2019appareils orthodontiques discrets<\/a> et de syst\u00e8mes <a title=\"High Speed Braces\" href=\"http:\/\/downtownottawasmiles.com\/fr\/high-speed-braces\/\"><span class=\"highspeed\">High Speed Braces<sup>\u00ae<\/sup><\/span><\/a>, le but premier du cabinet dentaire Rochon et Racicot est de veiller sur votre bonne sant\u00e9 buccodentaire.<\/p>\n<p>Qu\u2019il s\u2019agisse d\u2019un examen p\u00e9riodique, d\u2019un nettoyage ou de traitements dentaires, nous nous effor\u00e7ons de rendre votre exp\u00e9rience plaisante et agr\u00e9able. Pour ce faire, nous veillons \u00e0 vous offrir une atmosph\u00e8re d\u00e9tendue, nous utilisons des techniques de pointe, et nous vous informons du d\u00e9roulement de chaque \u00e9tape.<\/p>\n<p><strong>Voici quelques-uns des services que nous offrons<\/strong> :<\/p>\n<p>[display_services]<\/p>\n","protected":false},"excerpt":{"rendered":"<p>Bien que nous offrions divers services dentaires, y compris la pose de mini-implants, d\u2019appareils orthodontiques discrets et de syst\u00e8mes High Speed Braces\u00ae, le but premier du cabinet dentaire Rochon et Racicot est de veiller sur votre bonne sant\u00e9 buccodentaire. Qu\u2019il s\u2019agisse d\u2019un examen p\u00e9riodique, d\u2019un&#8230;<\/p>\n","protected":false},"author":1,"featured_media":0,"parent":0,"menu_order":32,"comment_status":"open","ping_status":"closed","template":"full_width.php","meta":{"footnotes":""},"acf":[],"_links":{"self":[{"href":"https:\/\/downtownottawasmiles.com\/fr\/wp-json\/wp\/v2\/pages\/260\/"}],"collection":[{"href":"https:\/\/downtownottawasmiles.com\/fr\/wp-json\/wp\/v2\/pages\/"}],"about":[{"href":"https:\/\/downtownottawasmiles.com\/fr\/wp-json\/wp\/v2\/types\/page\/"}],"author":[{"embeddable":true,"href":"https:\/\/downtownottawasmiles.com\/fr\/wp-json\/wp\/v2\/users\/1\/"}],"replies":[{"embeddable":true,"href":"https:\/\/downtownottawasmiles.com\/fr\/wp-json\/wp\/v2\/comments\/?post=260"}],"version-history":[{"count":4,"href":"https:\/\/downtownottawasmiles.com\/fr\/wp-json\/wp\/v2\/pages\/260\/revisions\/"}],"predecessor-version":[{"id":347,"href":"https:\/\/downtownottawasmiles.com\/fr\/wp-json\/wp\/v2\/pages\/260\/revisions\/347\/"}],"wp:attachment":[{"href":"https:\/\/downtownottawasmiles.com\/fr\/wp-json\/wp\/v2\/media\/?parent=260"}],"curies":[{"name":"wp","href":"https:\/\/api.w.org\/{rel}","templated":true}]}}