{"id":283,"date":"2015-06-25T17:15:28","date_gmt":"2015-06-25T17:15:28","guid":{"rendered":"http:\/\/downtownottawasmiles.com\/?page_id=283"},"modified":"2015-09-29T18:54:08","modified_gmt":"2015-09-29T18:54:08","slug":"high-speed-braces","status":"publish","type":"page","link":"https:\/\/downtownottawasmiles.com\/fr\/high-speed-braces\/","title":{"rendered":"High Speed Braces<sup>\u00ae<\/sup>"},"content":{"rendered":"<p>Pensez-vous qu\u2019il est possible de noter au bout de deux semaines le r\u00e9alignement d\u2019une dentition? Pourtant c\u2019est tout \u00e0 fait le cas avec le syst\u00e8me <span style=\"color: #9862b7;\">High Speed Braces<sup>\u00ae<\/sup><\/span>!<\/p>\n<p>Vous ne devriez pas avoir \u00e0 vous couvrir la bouche de la main quand vous riez ou \u00e0 vous contenter d\u2019un demi-sourire parce que votre dentition vous g\u00eane. Vous ne devriez pas non plus accepter que des dents d\u00e9salign\u00e9es ou espac\u00e9es vous causent de l\u2019embarras. La solution est \u00e0 votre port\u00e9e, quel que soit votre \u00e2ge!<\/p>\n<p>En deux fois moins de temps qu\u2019il n\u2019en faut \u00e0 un appareil orthodontique classique pour r\u00e9aligner la dentition, le syst\u00e8me <span style=\"color: #9862b7;\">High Speed Braces<sup>\u00ae<\/sup><\/span> vous permet d\u2019obtenir des r\u00e9sultats rapides, ph\u00e9nom\u00e9naux et durables.<\/p>\n<p>Et contrairement aux appareils orthodontiques conventionnels, vous n\u2019avez pas besoin d\u2019attendre deux ans ou plus pour obtenir ces r\u00e9sultats. Le syst\u00e8me <span style=\"color: #9862b7;\">High Speed Braces<sup>\u00ae<\/sup><\/span> est une technologie d\u2019avant-garde qui r\u00e9aligne les dents rapidement mais en douceur. Vous commencerez \u00e0 noter des r\u00e9sultats notables en quelques semaines et d\u2019incroyables r\u00e9sultats en moins de six mois.<\/p>\n<p>Comment cela est-il possible? Nous utilisons des fils sp\u00e9ciaux en alliage de nickel et de titane et nous nous concentrons concentrant sur les dents que r\u00e9v\u00e8le votre sourire, tout cela sans modifier votre occlusion naturelle ou d\u00e9placer la m\u00e2choire.<\/p>\n<p>Offrez-vous le sourire rayonnant dont vous avez toujours r\u00eav\u00e9 \u2014 composez le <strong>613.235.4211<\/strong> pour prendre rendez-vous d\u00e8s maintenant.<\/p>\n","protected":false},"excerpt":{"rendered":"<p>Pensez-vous qu\u2019il est possible de noter au bout de deux semaines le r\u00e9alignement d\u2019une dentition? Pourtant c\u2019est tout \u00e0 fait le cas avec le syst\u00e8me High Speed Braces\u00ae! Vous ne devriez pas avoir \u00e0 vous couvrir la bouche de la main quand vous riez ou&#8230;<\/p>\n","protected":false},"author":1,"featured_media":0,"parent":0,"menu_order":34,"comment_status":"open","ping_status":"closed","template":"full_width.php","meta":{"footnotes":""},"acf":[],"_links":{"self":[{"href":"https:\/\/downtownottawasmiles.com\/fr\/wp-json\/wp\/v2\/pages\/283\/"}],"collection":[{"href":"https:\/\/downtownottawasmiles.com\/fr\/wp-json\/wp\/v2\/pages\/"}],"about":[{"href":"https:\/\/downtownottawasmiles.com\/fr\/wp-json\/wp\/v2\/types\/page\/"}],"author":[{"embeddable":true,"href":"https:\/\/downtownottawasmiles.com\/fr\/wp-json\/wp\/v2\/users\/1\/"}],"replies":[{"embeddable":true,"href":"https:\/\/downtownottawasmiles.com\/fr\/wp-json\/wp\/v2\/comments\/?post=283"}],"version-history":[{"count":1,"href":"https:\/\/downtownottawasmiles.com\/fr\/wp-json\/wp\/v2\/pages\/283\/revisions\/"}],"predecessor-version":[{"id":284,"href":"https:\/\/downtownottawasmiles.com\/fr\/wp-json\/wp\/v2\/pages\/283\/revisions\/284\/"}],"wp:attachment":[{"href":"https:\/\/downtownottawasmiles.com\/fr\/wp-json\/wp\/v2\/media\/?parent=283"}],"curies":[{"name":"wp","href":"https:\/\/api.w.org\/{rel}","templated":true}]}}