{"id":341,"date":"2015-09-29T18:48:53","date_gmt":"2015-09-29T18:48:53","guid":{"rendered":"http:\/\/downtownottawasmiles.com\/?page_id=341"},"modified":"2015-10-06T17:31:56","modified_gmt":"2015-10-06T17:31:56","slug":"des-traitements-orthodontiques-complets","status":"publish","type":"page","link":"https:\/\/downtownottawasmiles.com\/fr\/des-traitements-orthodontiques-complets\/","title":{"rendered":"Des traitements orthodontiques complets"},"content":{"rendered":"<p>La D<sup>re <\/sup>Rochon est membre associ\u00e9e de l\u2019Academy of GP Orthodontics. Elle a recours \u00e0 la technique DSAT (Differential Straight Arch Technique) pour r\u00e9aligner la dentition des patients qui n\u00e9cessitent un traitement orthodontique complet. Ces patients comprennent les enfants en pleine croissance et aussi les adultes \u00e0 qui le syst\u00e8me High Speed Braces<strong><sup>\u00ae <\/sup><\/strong>ne convient pas en raison de leurs attentes et besoins.<\/p>\n<p>La technique DSAT se distingue par son bo\u00eetier, de conception unique, et par l\u2019emploi de l\u00e9g\u00e8res forces intra-buccales qui permettent d\u2019en arriver \u00e0 un sourire resplendissant et \u00e0 une occlusion optimale.<\/p>\n<p>La D<sup>re<\/sup> Rochon emploie des attaches orthodontiques Tip-Edge PLUS qui guident tr\u00e8s rapidement la dent vers sa position finale par la voie offrant la moins grande r\u00e9sistance. Seulement de l\u00e9g\u00e8res forces intra-buccales sont requises pour corriger les occlusions profondes et les surocclusions prononc\u00e9es. Aucune force extra-orale ni appareil fonctionnel ne sont n\u00e9cessaires et il est rare que des patients se plaignent d\u2019inconfort. La chirurgie est rarement n\u00e9cessaire pour corriger des anomalies squelettiques, y compris chez les adultes.<\/p>\n<p>Les consultations avec la D<sup>re <\/sup>Rochon sont gratuites.<\/p>\n","protected":false},"excerpt":{"rendered":"<p>La Dre Rochon est membre associ\u00e9e de l\u2019Academy of GP Orthodontics. Elle a recours \u00e0 la technique DSAT (Differential Straight Arch Technique) pour r\u00e9aligner la dentition des patients qui n\u00e9cessitent un traitement orthodontique complet. Ces patients comprennent les enfants en pleine croissance et aussi les&#8230;<\/p>\n","protected":false},"author":1,"featured_media":0,"parent":0,"menu_order":35,"comment_status":"open","ping_status":"open","template":"full_width.php","meta":{"footnotes":""},"acf":[],"_links":{"self":[{"href":"https:\/\/downtownottawasmiles.com\/fr\/wp-json\/wp\/v2\/pages\/341\/"}],"collection":[{"href":"https:\/\/downtownottawasmiles.com\/fr\/wp-json\/wp\/v2\/pages\/"}],"about":[{"href":"https:\/\/downtownottawasmiles.com\/fr\/wp-json\/wp\/v2\/types\/page\/"}],"author":[{"embeddable":true,"href":"https:\/\/downtownottawasmiles.com\/fr\/wp-json\/wp\/v2\/users\/1\/"}],"replies":[{"embeddable":true,"href":"https:\/\/downtownottawasmiles.com\/fr\/wp-json\/wp\/v2\/comments\/?post=341"}],"version-history":[{"count":1,"href":"https:\/\/downtownottawasmiles.com\/fr\/wp-json\/wp\/v2\/pages\/341\/revisions\/"}],"predecessor-version":[{"id":342,"href":"https:\/\/downtownottawasmiles.com\/fr\/wp-json\/wp\/v2\/pages\/341\/revisions\/342\/"}],"wp:attachment":[{"href":"https:\/\/downtownottawasmiles.com\/fr\/wp-json\/wp\/v2\/media\/?parent=341"}],"curies":[{"name":"wp","href":"https:\/\/api.w.org\/{rel}","templated":true}]}}