{"id":343,"date":"2015-09-29T18:51:41","date_gmt":"2015-09-29T18:51:41","guid":{"rendered":"http:\/\/downtownottawasmiles.com\/?page_id=343"},"modified":"2015-09-29T18:51:41","modified_gmt":"2015-09-29T18:51:41","slug":"implants-standards","status":"publish","type":"page","link":"https:\/\/downtownottawasmiles.com\/fr\/implants-standards\/","title":{"rendered":"Implants standards"},"content":{"rendered":"<p>Votre dentition est en quelque sorte l\u2019armature subtile de votre visage et de votre profil. Vos dents vous permettent de mastiquer vos aliments et de demeurer en bonne sant\u00e9, mais elles tiennent \u00e9galement les os de la m\u00e2choire en place et aident \u00e0 soutenir vos muscles faciaux.<\/p>\n<p>Lorsqu\u2019une m\u00e2choire est priv\u00e9e de sa dentition, la base osseuse r\u00e9tr\u00e9cit et la peau qui la couvrait s\u2019affaisse, ce qui entra\u00eene un vieillissement pr\u00e9matur\u00e9. Sans le soutien assur\u00e9 auparavant par la dentition, la forme du visage change aussi en raison du r\u00e9tr\u00e9cissement de la m\u00e2choire.<\/p>\n<p>Perdre une dent nuit \u00e0 notre capacit\u00e9 de mastication et expose les dents voisines \u00e0 davantage d\u2019usure parce qu\u2019elles se trouvent plus expos\u00e9es aux forces de mastication. Les dents voisines se mettent alors \u00e0 bouger pour combler l\u2019\u00e9cart et l\u2019occlusion se modifie. Les dents peuvent aussi s\u2019incliner vers l\u2019espace vide (les dents d\u00e9salign\u00e9es sont plus susceptibles aux affections des gencives) et celles au-dessus de l\u2019\u00e9cart, peuvent en poussant tendre vers le bas.<\/p>\n<p>Ne pas tarder \u00e0 remplacer des dents manquantes emp\u00eachera tout cela de se produire, et sera b\u00e9n\u00e9fique \u00e0 long terme sur le plan de la sant\u00e9 et esth\u00e9tique.<\/p>\n<p>Les implants dentaires sont d\u00e9sormais la norme pour remplacer des dents manquantes.<\/p>\n<p>Les implants peuvent remplacer une ou plusieurs dents manquantes sans affecter les dents voisines, et peuvent maintenir en place les ponts et proth\u00e8ses dentaires.<\/p>\n<p>Sous r\u00e9serve d\u2019une bonne hygi\u00e8ne dentaire, un implant freinera la perte osseuse autour de la r\u00e9gion o\u00f9 il est install\u00e9.<\/p>\n<p>Un magnifique sourire rendu possible gr\u00e2ce \u00e0 des implants dentaires am\u00e9liore la confiance en soi. Les implants peuvent aussi r\u00e9tablir une bonne mastication, contribuer \u00e0 am\u00e9liorer la digestion et l\u2019\u00e9locution, et avoir un impact positif sur l\u2019\u00e9tat de sant\u00e9 g\u00e9n\u00e9ral.<\/p>\n","protected":false},"excerpt":{"rendered":"<p>Votre dentition est en quelque sorte l\u2019armature subtile de votre visage et de votre profil. Vos dents vous permettent de mastiquer vos aliments et de demeurer en bonne sant\u00e9, mais elles tiennent \u00e9galement les os de la m\u00e2choire en place et aident \u00e0 soutenir vos&#8230;<\/p>\n","protected":false},"author":1,"featured_media":0,"parent":0,"menu_order":36,"comment_status":"open","ping_status":"open","template":"full_width.php","meta":{"footnotes":""},"acf":[],"_links":{"self":[{"href":"https:\/\/downtownottawasmiles.com\/fr\/wp-json\/wp\/v2\/pages\/343\/"}],"collection":[{"href":"https:\/\/downtownottawasmiles.com\/fr\/wp-json\/wp\/v2\/pages\/"}],"about":[{"href":"https:\/\/downtownottawasmiles.com\/fr\/wp-json\/wp\/v2\/types\/page\/"}],"author":[{"embeddable":true,"href":"https:\/\/downtownottawasmiles.com\/fr\/wp-json\/wp\/v2\/users\/1\/"}],"replies":[{"embeddable":true,"href":"https:\/\/downtownottawasmiles.com\/fr\/wp-json\/wp\/v2\/comments\/?post=343"}],"version-history":[{"count":1,"href":"https:\/\/downtownottawasmiles.com\/fr\/wp-json\/wp\/v2\/pages\/343\/revisions\/"}],"predecessor-version":[{"id":344,"href":"https:\/\/downtownottawasmiles.com\/fr\/wp-json\/wp\/v2\/pages\/343\/revisions\/344\/"}],"wp:attachment":[{"href":"https:\/\/downtownottawasmiles.com\/fr\/wp-json\/wp\/v2\/media\/?parent=343"}],"curies":[{"name":"wp","href":"https:\/\/api.w.org\/{rel}","templated":true}]}}